{"id":31,"date":"2026-04-20T14:08:26","date_gmt":"2026-04-20T14:08:26","guid":{"rendered":"http:\/\/escuelapresbiteriana.com.portalesdenegocios.com\/?page_id=31"},"modified":"2026-04-22T12:28:09","modified_gmt":"2026-04-22T12:28:09","slug":"ceal","status":"publish","type":"page","link":"https:\/\/escuelapresbiteriana.com\/index.php\/ceal\/","title":{"rendered":"CEAL"},"content":{"rendered":"<p>[et_pb_section fb_built=\u00bb1&#8243; _builder_version=\u00bb4.22.2&#8243; _module_preset=\u00bbdefault\u00bb background_image=\u00bbhttps:\/\/escuelapresbiteriana.com\/wp-content\/uploads\/2026\/04\/bg-interiores.jpg\u00bb global_colors_info=\u00bb{}\u00bb theme_builder_area=\u00bbpost_content\u00bb][et_pb_row _builder_version=\u00bb4.22.2&#8243; _module_preset=\u00bbdefault\u00bb global_colors_info=\u00bb{}\u00bb theme_builder_area=\u00bbpost_content\u00bb][et_pb_column type=\u00bb4_4&#8243; _builder_version=\u00bb4.22.2&#8243; _module_preset=\u00bbdefault\u00bb global_colors_info=\u00bb{}\u00bb theme_builder_area=\u00bbpost_content\u00bb][et_pb_text _builder_version=\u00bb4.22.2&#8243; _module_preset=\u00bbdefault\u00bb text_font=\u00bbCabin||||||||\u00bb text_text_color=\u00bb#000000&#8243; text_line_height=\u00bb1.8em\u00bb header_2_font=\u00bbLato|||on|||||\u00bb header_2_text_color=\u00bb#FFFFFF\u00bb header_2_font_size=\u00bb45px\u00bb header_2_line_height=\u00bb1.1em\u00bb custom_margin=\u00bb83px|||||\u00bb custom_margin_tablet=\u00bb83px|||||\u00bb custom_margin_phone=\u00bb1px||||false|false\u00bb custom_margin_last_edited=\u00bbon|phone\u00bb hover_enabled=\u00bb0&#8243; text_orientation_tablet=\u00bb\u00bb text_orientation_phone=\u00bbjustified\u00bb text_orientation_last_edited=\u00bbon|phone\u00bb global_colors_info=\u00bb{}\u00bb theme_builder_area=\u00bbpost_content\u00bb sticky_enabled=\u00bb0&#8243;]<\/p>\n<h2 style=\"text-align: center;\"><span>CEAL<\/span><\/h2>\n<p>[\/et_pb_text][et_pb_divider color=\u00bb#ffde1a\u00bb _builder_version=\u00bb4.22.2&#8243; _module_preset=\u00bbdefault\u00bb global_colors_info=\u00bb{}\u00bb theme_builder_area=\u00bbpost_content\u00bb][\/et_pb_divider][\/et_pb_column][\/et_pb_row][\/et_pb_section][et_pb_section fb_built=\u00bb1&#8243; _builder_version=\u00bb4.22.2&#8243; _module_preset=\u00bbdefault\u00bb background_image=\u00bbhttps:\/\/escuelapresbiteriana.com\/wp-content\/uploads\/2026\/04\/bg-prueba-scaled-1.jpg\u00bb global_colors_info=\u00bb{}\u00bb theme_builder_area=\u00bbpost_content\u00bb][et_pb_row _builder_version=\u00bb4.22.2&#8243; _module_preset=\u00bbdefault\u00bb background_color=\u00bb#FFFFFF\u00bb custom_padding=\u00bb1.7%|2%|1.7%|2%|true|true\u00bb border_radii=\u00bbon|10px|10px|10px|10px\u00bb global_colors_info=\u00bb{}\u00bb theme_builder_area=\u00bbpost_content\u00bb][et_pb_column type=\u00bb4_4&#8243; _builder_version=\u00bb4.22.2&#8243; _module_preset=\u00bbdefault\u00bb global_colors_info=\u00bb{}\u00bb theme_builder_area=\u00bbpost_content\u00bb][et_pb_button button_url=\u00bbhttps:\/\/drive.google.com\/drive\/folders\/1y-RBeY6t6OrjrNw5Vd80Ehy0fkzYOUHU\u00bb url_new_window=\u00bbon\u00bb button_text=\u00bbCEAL 2025&#8243; _builder_version=\u00bb4.22.2&#8243; _module_preset=\u00bbdefault\u00bb custom_button=\u00bbon\u00bb button_text_color=\u00bb#333399&#8243; button_bg_color=\u00bb#ffde1a\u00bb button_border_width=\u00bb0px\u00bb button_border_radius=\u00bb18px\u00bb button_font=\u00bbLato||||||||\u00bb button_icon=\u00bb&#xf0a5;||fa||400&#8243; button_on_hover=\u00bboff\u00bb hover_enabled=\u00bb0&#8243; box_shadow_style=\u00bbpreset3&#8243; box_shadow_horizontal=\u00bb6px\u00bb box_shadow_vertical=\u00bb4px\u00bb box_shadow_blur=\u00bb12px\u00bb global_colors_info=\u00bb{}\u00bb transform_styles__hover_enabled=\u00bbon|hover\u00bb transform_scale__hover_enabled=\u00bbon|hover\u00bb transform_translate__hover_enabled=\u00bbon|desktop\u00bb transform_rotate__hover_enabled=\u00bbon|desktop\u00bb transform_skew__hover_enabled=\u00bbon|desktop\u00bb transform_origin__hover_enabled=\u00bbon|desktop\u00bb transform_scale__hover=\u00bb103%|103%\u00bb theme_builder_area=\u00bbpost_content\u00bb button_alignment=\u00bbcenter\u00bb sticky_enabled=\u00bb0&#8243; custom_padding=\u00bb|72px||45px|false|false\u00bb][\/et_pb_button][et_pb_image src=\u00bbhttps:\/\/escuelapresbiteriana.com\/wp-content\/uploads\/2026\/04\/IMG_2430-1280&#215;960-1.jpg\u00bb title_text=\u00bbIMG_2430-1280&#215;960&#8243; align=\u00bbcenter\u00bb _builder_version=\u00bb4.22.2&#8243; _module_preset=\u00bbdefault\u00bb hover_enabled=\u00bb0&#8243; border_radii=\u00bbon|18px|18px|18px|18px\u00bb global_colors_info=\u00bb{}\u00bb theme_builder_area=\u00bbpost_content\u00bb sticky_enabled=\u00bb0&#8243;][\/et_pb_image][et_pb_text _builder_version=\u00bb4.22.2&#8243; _module_preset=\u00bbdefault\u00bb text_font=\u00bbCabin||||||||\u00bb text_text_color=\u00bb#000000&#8243; text_line_height=\u00bb1.8em\u00bb custom_margin=\u00bb34px|||||\u00bb custom_margin_tablet=\u00bb83px|||||\u00bb custom_margin_phone=\u00bb1px||||false|false\u00bb custom_margin_last_edited=\u00bbon|phone\u00bb text_orientation_tablet=\u00bb\u00bb text_orientation_phone=\u00bbjustified\u00bb text_orientation_last_edited=\u00bbon|phone\u00bb global_colors_info=\u00bb{}\u00bb theme_builder_area=\u00bbpost_content\u00bb]<\/p>\n<p><span>Comprometidas con fomentar el amor por los libros y el conocimiento en los estudiantes, este equipo tiene la labor de promover el acceso a la informaci\u00f3n y el desarrollo de habilidades de lectura y escritura en todas las etapas educativas. Adem\u00e1s de gestionar los recursos bibliogr\u00e1ficos, el equipo organiza actividades y programas para incentivar la lectura en diversos formatos, desde libros impresos hasta recursos digitales. El equipo tambi\u00e9n asesora a los docentes en la integraci\u00f3n de la biblioteca en las actividades curriculares, facilitando materiales y herramientas para enriquecer los procesos de ense\u00f1anza.<\/span><\/p>\n<p>[\/et_pb_text][\/et_pb_column][\/et_pb_row][\/et_pb_section][et_pb_section fb_built=\u00bb1&#8243; _builder_version=\u00bb4.22.2&#8243; _module_preset=\u00bbdefault\u00bb background_image=\u00bbhttps:\/\/escuelapresbiteriana.com\/wp-content\/uploads\/2026\/04\/bg-prueba-2.jpg\u00bb global_colors_info=\u00bb{}\u00bb theme_builder_area=\u00bbpost_content\u00bb][et_pb_row column_structure=\u00bb1_2,1_2&#8243; _builder_version=\u00bb4.22.2&#8243; _module_preset=\u00bbdefault\u00bb background_color=\u00bb#e2e2f0&#8243; background_enable_image=\u00bboff\u00bb custom_margin=\u00bb34px||34px||true|false\u00bb custom_padding=\u00bb36px|20px|36px|20px|true|true\u00bb border_radii=\u00bbon|18px|18px|18px|18px\u00bb global_colors_info=\u00bb{}\u00bb theme_builder_area=\u00bbpost_content\u00bb][et_pb_column type=\u00bb1_2&#8243; _builder_version=\u00bb4.22.2&#8243; _module_preset=\u00bbdefault\u00bb global_colors_info=\u00bb{}\u00bb theme_builder_area=\u00bbpost_content\u00bb][et_pb_gallery gallery_ids=\u00bb275,276,277,278,279&#8243; posts_number=\u00bb2&#8243; show_title_and_caption=\u00bboff\u00bb _builder_version=\u00bb4.22.2&#8243; _module_preset=\u00bbdefault\u00bb pagination_font=\u00bbLato||||||||\u00bb pagination_text_color=\u00bb#333399&#8243; hover_enabled=\u00bb0&#8243; border_radii=\u00bbon|10px|10px|10px|10px\u00bb global_colors_info=\u00bb{}\u00bb theme_builder_area=\u00bbpost_content\u00bb sticky_enabled=\u00bb0&#8243;][\/et_pb_gallery][\/et_pb_column][et_pb_column type=\u00bb1_2&#8243; _builder_version=\u00bb4.22.2&#8243; _module_preset=\u00bbdefault\u00bb global_colors_info=\u00bb{}\u00bb theme_builder_area=\u00bbpost_content\u00bb][et_pb_text _builder_version=\u00bb4.22.2&#8243; _module_preset=\u00bbdefault\u00bb text_font=\u00bbCabin||||||||\u00bb text_text_color=\u00bb#000000&#8243; text_line_height=\u00bb1.8em\u00bb custom_margin=\u00bb13px|||||\u00bb custom_margin_tablet=\u00bb13px|||||\u00bb custom_margin_phone=\u00bb1px||||false|false\u00bb custom_margin_last_edited=\u00bbon|phone\u00bb hover_enabled=\u00bb0&#8243; text_orientation_tablet=\u00bb\u00bb text_orientation_phone=\u00bbjustified\u00bb text_orientation_last_edited=\u00bbon|phone\u00bb global_colors_info=\u00bb{}\u00bb theme_builder_area=\u00bbpost_content\u00bb sticky_enabled=\u00bb0&#8243;]El CEAL es una organizaci\u00f3n estudiantil que promueve la participaci\u00f3n activa de los alumnos en la vida escolar. Se encarga de representar y defender los intereses de los estudiantes, organizando actividades culturales, deportivas y educativas. Adem\u00e1s, trabaja en estrecha colaboraci\u00f3n con los docentes y el equipo directivo  para mejorar el ambiente escolar, promoviendo la inclusi\u00f3n y la convivencia. El centro de estudiantes tambi\u00e9n fomenta el liderazgo, la responsabilidad y el trabajo en equipo, ofreciendo un espacio para que los estudiantes expresen sus inquietudes, ideas y propuestas, contribuyendo al desarrollo integral de la comunidad escolar.[\/et_pb_text][\/et_pb_column][\/et_pb_row][\/et_pb_section]<\/p>\n","protected":false},"excerpt":{"rendered":"<p>CEALComprometidas con fomentar el amor por los libros y el conocimiento en los estudiantes, este equipo tiene la labor de promover el acceso a la informaci\u00f3n y el desarrollo de habilidades de lectura y escritura en todas las etapas educativas. Adem\u00e1s de gestionar los recursos bibliogr\u00e1ficos, el equipo organiza actividades y programas para incentivar la [&hellip;]<\/p>\n","protected":false},"author":1,"featured_media":0,"parent":0,"menu_order":0,"comment_status":"closed","ping_status":"closed","template":"","meta":{"_et_pb_use_builder":"on","_et_pb_old_content":"<!-- wp:divi\/placeholder \/-->","_et_gb_content_width":"","footnotes":""},"class_list":["post-31","page","type-page","status-publish","hentry"],"yoast_head":"<!-- This site is optimized with the Yoast SEO plugin v27.5 - https:\/\/yoast.com\/product\/yoast-seo-wordpress\/ -->\n<title>CEAL - escuelapresbiteriana.com<\/title>\n<meta name=\"robots\" content=\"index, follow, max-snippet:-1, max-image-preview:large, max-video-preview:-1\" \/>\n<link rel=\"canonical\" href=\"https:\/\/escuelapresbiteriana.com\/index.php\/ceal\/\" \/>\n<meta property=\"og:locale\" content=\"es_ES\" \/>\n<meta property=\"og:type\" content=\"article\" \/>\n<meta property=\"og:title\" content=\"CEAL - escuelapresbiteriana.com\" \/>\n<meta property=\"og:description\" content=\"CEALComprometidas con fomentar el amor por los libros y el conocimiento en los estudiantes, este equipo tiene la labor de promover el acceso a la informaci\u00f3n y el desarrollo de habilidades de lectura y escritura en todas las etapas educativas. Adem\u00e1s de gestionar los recursos bibliogr\u00e1ficos, el equipo organiza actividades y programas para incentivar la [&hellip;]\" \/>\n<meta property=\"og:url\" content=\"https:\/\/escuelapresbiteriana.com\/index.php\/ceal\/\" \/>\n<meta property=\"og:site_name\" content=\"escuelapresbiteriana.com\" \/>\n<meta property=\"article:modified_time\" content=\"2026-04-22T12:28:09+00:00\" \/>\n<meta name=\"twitter:card\" content=\"summary_large_image\" \/>\n<meta name=\"twitter:label1\" content=\"Tiempo de lectura\" \/>\n\t<meta name=\"twitter:data1\" content=\"5 minutos\" \/>\n<script type=\"application\/ld+json\" class=\"yoast-schema-graph\">{\"@context\":\"https:\\\/\\\/schema.org\",\"@graph\":[{\"@type\":\"WebPage\",\"@id\":\"https:\\\/\\\/escuelapresbiteriana.com\\\/index.php\\\/ceal\\\/\",\"url\":\"https:\\\/\\\/escuelapresbiteriana.com\\\/index.php\\\/ceal\\\/\",\"name\":\"CEAL - escuelapresbiteriana.com\",\"isPartOf\":{\"@id\":\"https:\\\/\\\/escuelapresbiteriana.com\\\/#website\"},\"datePublished\":\"2026-04-20T14:08:26+00:00\",\"dateModified\":\"2026-04-22T12:28:09+00:00\",\"breadcrumb\":{\"@id\":\"https:\\\/\\\/escuelapresbiteriana.com\\\/index.php\\\/ceal\\\/#breadcrumb\"},\"inLanguage\":\"es\",\"potentialAction\":[{\"@type\":\"ReadAction\",\"target\":[\"https:\\\/\\\/escuelapresbiteriana.com\\\/index.php\\\/ceal\\\/\"]}]},{\"@type\":\"BreadcrumbList\",\"@id\":\"https:\\\/\\\/escuelapresbiteriana.com\\\/index.php\\\/ceal\\\/#breadcrumb\",\"itemListElement\":[{\"@type\":\"ListItem\",\"position\":1,\"name\":\"Portada\",\"item\":\"https:\\\/\\\/escuelapresbiteriana.com\\\/\"},{\"@type\":\"ListItem\",\"position\":2,\"name\":\"CEAL\"}]},{\"@type\":\"WebSite\",\"@id\":\"https:\\\/\\\/escuelapresbiteriana.com\\\/#website\",\"url\":\"https:\\\/\\\/escuelapresbiteriana.com\\\/\",\"name\":\"escuelapresbiteriana.com\",\"description\":\"\",\"potentialAction\":[{\"@type\":\"SearchAction\",\"target\":{\"@type\":\"EntryPoint\",\"urlTemplate\":\"https:\\\/\\\/escuelapresbiteriana.com\\\/?s={search_term_string}\"},\"query-input\":{\"@type\":\"PropertyValueSpecification\",\"valueRequired\":true,\"valueName\":\"search_term_string\"}}],\"inLanguage\":\"es\"}]}<\/script>\n<!-- \/ Yoast SEO plugin. -->","yoast_head_json":{"title":"CEAL - escuelapresbiteriana.com","robots":{"index":"index","follow":"follow","max-snippet":"max-snippet:-1","max-image-preview":"max-image-preview:large","max-video-preview":"max-video-preview:-1"},"canonical":"https:\/\/escuelapresbiteriana.com\/index.php\/ceal\/","og_locale":"es_ES","og_type":"article","og_title":"CEAL - escuelapresbiteriana.com","og_description":"CEALComprometidas con fomentar el amor por los libros y el conocimiento en los estudiantes, este equipo tiene la labor de promover el acceso a la informaci\u00f3n y el desarrollo de habilidades de lectura y escritura en todas las etapas educativas. Adem\u00e1s de gestionar los recursos bibliogr\u00e1ficos, el equipo organiza actividades y programas para incentivar la [&hellip;]","og_url":"https:\/\/escuelapresbiteriana.com\/index.php\/ceal\/","og_site_name":"escuelapresbiteriana.com","article_modified_time":"2026-04-22T12:28:09+00:00","twitter_card":"summary_large_image","twitter_misc":{"Tiempo de lectura":"5 minutos"},"schema":{"@context":"https:\/\/schema.org","@graph":[{"@type":"WebPage","@id":"https:\/\/escuelapresbiteriana.com\/index.php\/ceal\/","url":"https:\/\/escuelapresbiteriana.com\/index.php\/ceal\/","name":"CEAL - escuelapresbiteriana.com","isPartOf":{"@id":"https:\/\/escuelapresbiteriana.com\/#website"},"datePublished":"2026-04-20T14:08:26+00:00","dateModified":"2026-04-22T12:28:09+00:00","breadcrumb":{"@id":"https:\/\/escuelapresbiteriana.com\/index.php\/ceal\/#breadcrumb"},"inLanguage":"es","potentialAction":[{"@type":"ReadAction","target":["https:\/\/escuelapresbiteriana.com\/index.php\/ceal\/"]}]},{"@type":"BreadcrumbList","@id":"https:\/\/escuelapresbiteriana.com\/index.php\/ceal\/#breadcrumb","itemListElement":[{"@type":"ListItem","position":1,"name":"Portada","item":"https:\/\/escuelapresbiteriana.com\/"},{"@type":"ListItem","position":2,"name":"CEAL"}]},{"@type":"WebSite","@id":"https:\/\/escuelapresbiteriana.com\/#website","url":"https:\/\/escuelapresbiteriana.com\/","name":"escuelapresbiteriana.com","description":"","potentialAction":[{"@type":"SearchAction","target":{"@type":"EntryPoint","urlTemplate":"https:\/\/escuelapresbiteriana.com\/?s={search_term_string}"},"query-input":{"@type":"PropertyValueSpecification","valueRequired":true,"valueName":"search_term_string"}}],"inLanguage":"es"}]}},"_links":{"self":[{"href":"https:\/\/escuelapresbiteriana.com\/index.php\/wp-json\/wp\/v2\/pages\/31","targetHints":{"allow":["GET"]}}],"collection":[{"href":"https:\/\/escuelapresbiteriana.com\/index.php\/wp-json\/wp\/v2\/pages"}],"about":[{"href":"https:\/\/escuelapresbiteriana.com\/index.php\/wp-json\/wp\/v2\/types\/page"}],"author":[{"embeddable":true,"href":"https:\/\/escuelapresbiteriana.com\/index.php\/wp-json\/wp\/v2\/users\/1"}],"replies":[{"embeddable":true,"href":"https:\/\/escuelapresbiteriana.com\/index.php\/wp-json\/wp\/v2\/comments?post=31"}],"version-history":[{"count":3,"href":"https:\/\/escuelapresbiteriana.com\/index.php\/wp-json\/wp\/v2\/pages\/31\/revisions"}],"predecessor-version":[{"id":280,"href":"https:\/\/escuelapresbiteriana.com\/index.php\/wp-json\/wp\/v2\/pages\/31\/revisions\/280"}],"wp:attachment":[{"href":"https:\/\/escuelapresbiteriana.com\/index.php\/wp-json\/wp\/v2\/media?parent=31"}],"curies":[{"name":"wp","href":"https:\/\/api.w.org\/{rel}","templated":true}]}}