{"id":25,"date":"2026-04-20T14:04:38","date_gmt":"2026-04-20T14:04:38","guid":{"rendered":"http:\/\/escuelapresbiteriana.com.portalesdenegocios.com\/?page_id=25"},"modified":"2026-04-21T20:48:45","modified_gmt":"2026-04-21T20:48:45","slug":"psicosocial","status":"publish","type":"page","link":"https:\/\/escuelapresbiteriana.com\/index.php\/psicosocial\/","title":{"rendered":"Psicosocial"},"content":{"rendered":"<p>[et_pb_section fb_built=\u00bb1&#8243; _builder_version=\u00bb4.22.2&#8243; _module_preset=\u00bbdefault\u00bb background_image=\u00bbhttps:\/\/escuelapresbiteriana.com\/wp-content\/uploads\/2026\/04\/bg-interiores.jpg\u00bb global_colors_info=\u00bb{}\u00bb][et_pb_row _builder_version=\u00bb4.22.2&#8243; _module_preset=\u00bbdefault\u00bb global_colors_info=\u00bb{}\u00bb][et_pb_column type=\u00bb4_4&#8243; _builder_version=\u00bb4.22.2&#8243; _module_preset=\u00bbdefault\u00bb global_colors_info=\u00bb{}\u00bb][et_pb_text _builder_version=\u00bb4.22.2&#8243; _module_preset=\u00bbdefault\u00bb header_2_font=\u00bbLato|||on|||||\u00bb header_2_text_color=\u00bb#FFFFFF\u00bb header_2_font_size=\u00bb45px\u00bb header_2_line_height=\u00bb1.5em\u00bb global_colors_info=\u00bb{}\u00bb]<\/p>\n<h2 style=\"text-align: center;\"><span>Psicosocial<\/span><\/h2>\n<p>[\/et_pb_text][et_pb_divider color=\u00bb#ffde1a\u00bb _builder_version=\u00bb4.22.2&#8243; _module_preset=\u00bbdefault\u00bb global_colors_info=\u00bb{}\u00bb][\/et_pb_divider][\/et_pb_column][\/et_pb_row][\/et_pb_section][et_pb_section fb_built=\u00bb1&#8243; _builder_version=\u00bb4.22.2&#8243; _module_preset=\u00bbdefault\u00bb background_image=\u00bbhttps:\/\/escuelapresbiteriana.com\/wp-content\/uploads\/2026\/04\/bg-prueba-4.jpg\u00bb global_colors_info=\u00bb{}\u00bb][et_pb_row _builder_version=\u00bb4.22.2&#8243; _module_preset=\u00bbdefault\u00bb background_color=\u00bb#FFFFFF\u00bb custom_padding=\u00bb1.7%|2%|1.7%|2%|true|true\u00bb border_radii=\u00bbon|10px|10px|10px|10px\u00bb global_colors_info=\u00bb{}\u00bb][et_pb_column type=\u00bb4_4&#8243; _builder_version=\u00bb4.22.2&#8243; _module_preset=\u00bbdefault\u00bb global_colors_info=\u00bb{}\u00bb][et_pb_text _builder_version=\u00bb4.22.2&#8243; _module_preset=\u00bbdefault\u00bb header_3_font=\u00bbLato||||||||\u00bb header_3_text_color=\u00bb#333399&#8243; header_3_font_size=\u00bb26px\u00bb header_3_line_height=\u00bb1.4em\u00bb header_6_font=\u00bbLato|700|||||||\u00bb header_6_text_color=\u00bb#333399&#8243; header_6_font_size=\u00bb26px\u00bb header_6_line_height=\u00bb1.2em\u00bb global_colors_info=\u00bb{}\u00bb]<\/p>\n<h3 style=\"text-align: center;\"><strong>Equipo de convivencia escolar<\/strong><\/h3>\n<p>[\/et_pb_text][et_pb_text _builder_version=\u00bb4.22.2&#8243; _module_preset=\u00bbdefault\u00bb text_font=\u00bbCabin||||||||\u00bb text_text_color=\u00bb#000000&#8243; text_line_height=\u00bb1.8em\u00bb text_orientation_tablet=\u00bb\u00bb text_orientation_phone=\u00bbcenter\u00bb text_orientation_last_edited=\u00bbon|phone\u00bb global_colors_info=\u00bb{}\u00bb]<\/p>\n<p>El equipo psicosocial de la<span>\u00a0<\/span><strong>Escuela Presbiteriana<\/strong><span>\u00a0<\/span>est\u00e1 formado por un grupo de profesionales comprometidos con el bienestar integral de los estudiantes. Su misi\u00f3n es promover el desarrollo acad\u00e9mico, emocional y social de los alumnos, brindando el apoyo necesario para que puedan enfrentar los desaf\u00edos tanto dentro como fuera del aula.<\/p>\n<p>A trav\u00e9s de un enfoque colaborativo, el equipo psicosocial trabaja de manera conjunta con los docentes, las familias y la comunidad, identificando las necesidades de cada estudiante y ofreciendo intervenciones personalizadas. Este enfoque permite abordar las dificultades emocionales, sociales y acad\u00e9micas que puedan surgir, garantizando que cada estudiante reciba la atenci\u00f3n adecuada.<\/p>\n<p>El equipo tiene un papel fundamental en la prevenci\u00f3n y atenci\u00f3n de problemas relacionados con el bienestar psicol\u00f3gico y social de los estudiantes, promoviendo un ambiente escolar positivo y seguro. Adem\u00e1s, se enfoca en fortalecer las habilidades socioemocionales de los alumnos, ayud\u00e1ndolos a mejorar su autoestima, gestionar sus emociones y desarrollar habilidades para la resoluci\u00f3n de conflictos.<\/p>\n<p>Con su intervenci\u00f3n constante, el equipo psicosocial contribuye al \u00e9xito y bienestar de cada estudiante, asegurando que todos tengan las herramientas necesarias para prosperar y alcanzar su m\u00e1ximo potencial.<\/p>\n<p>[\/et_pb_text][\/et_pb_column][\/et_pb_row][\/et_pb_section][et_pb_section fb_built=\u00bb1&#8243; _builder_version=\u00bb4.22.2&#8243; _module_preset=\u00bbdefault\u00bb background_image=\u00bbhttps:\/\/escuelapresbiteriana.com\/wp-content\/uploads\/2026\/04\/bg-prueba-2.jpg\u00bb global_colors_info=\u00bb{}\u00bb][et_pb_row column_structure=\u00bb1_2,1_2&#8243; _builder_version=\u00bb4.22.2&#8243; _module_preset=\u00bbdefault\u00bb background_color=\u00bb#e2e2f0&#8243; background_enable_image=\u00bboff\u00bb custom_margin=\u00bb34px||34px||true|false\u00bb custom_padding=\u00bb36px|20px|36px|20px|true|true\u00bb hover_enabled=\u00bb0&#8243; border_radii=\u00bbon|18px|18px|18px|18px\u00bb global_colors_info=\u00bb{}\u00bb sticky_enabled=\u00bb0&#8243;][et_pb_column type=\u00bb1_2&#8243; _builder_version=\u00bb4.22.2&#8243; _module_preset=\u00bbdefault\u00bb global_colors_info=\u00bb{}\u00bb][et_pb_image src=\u00bbhttps:\/\/escuelapresbiteriana.com\/wp-content\/uploads\/2026\/04\/equipo1.png\u00bb title_text=\u00bbequipo1&#8243; align=\u00bbcenter\u00bb _builder_version=\u00bb4.22.2&#8243; _module_preset=\u00bbdefault\u00bb hover_enabled=\u00bb0&#8243; border_radii=\u00bbon|18px|18px|18px|18px\u00bb global_colors_info=\u00bb{}\u00bb sticky_enabled=\u00bb0&#8243;][\/et_pb_image][\/et_pb_column][et_pb_column type=\u00bb1_2&#8243; _builder_version=\u00bb4.22.2&#8243; _module_preset=\u00bbdefault\u00bb global_colors_info=\u00bb{}\u00bb][et_pb_text _builder_version=\u00bb4.22.2&#8243; _module_preset=\u00bbdefault\u00bb text_font=\u00bbCabin||||||||\u00bb text_text_color=\u00bb#666666&#8243; text_line_height=\u00bb1.8em\u00bb hover_enabled=\u00bb0&#8243; global_colors_info=\u00bb{}\u00bb custom_margin=\u00bb69px|||||\u00bb text_orientation_last_edited=\u00bbon|phone\u00bb sticky_enabled=\u00bb0&#8243; text_orientation_phone=\u00bbcenter\u00bb custom_margin_last_edited=\u00bbon|phone\u00bb custom_margin_phone=\u00bb2px||||false|false\u00bb custom_margin_tablet=\u00bb69px|||||\u00bb]<\/p>\n<p><span>Conformado por nuestra psic\u00f3loga Marcela Rocha, los psicopedagogos Megam Guzm\u00e1n, Carlos Fabrega y Aguida San Mart\u00edn, junto a la constante colaboraci\u00f3n de la trabajadora social y encargada de convivencia escolar Daniela Moyano, buscan intervenir de manera integral en la vida de los estudiantes, promoviendo el bienestar emocional y social. Este equipo no solo se enfoca en el apoyo acad\u00e9mico y psicol\u00f3gico, sino que tambi\u00e9n est\u00e1 comprometido con la prevenci\u00f3n de conflictos, la resoluci\u00f3n de situaciones de riesgo y la creaci\u00f3n de un ambiente escolar inclusivo.<\/span><\/p>\n<p>[\/et_pb_text][\/et_pb_column][\/et_pb_row][\/et_pb_section]<\/p>\n","protected":false},"excerpt":{"rendered":"<p>PsicosocialEquipo de convivencia escolarEl equipo psicosocial de la\u00a0Escuela Presbiteriana\u00a0est\u00e1 formado por un grupo de profesionales comprometidos con el bienestar integral de los estudiantes. Su misi\u00f3n es promover el desarrollo acad\u00e9mico, emocional y social de los alumnos, brindando el apoyo necesario para que puedan enfrentar los desaf\u00edos tanto dentro como fuera del aula. A trav\u00e9s de [&hellip;]<\/p>\n","protected":false},"author":1,"featured_media":0,"parent":0,"menu_order":0,"comment_status":"closed","ping_status":"closed","template":"","meta":{"_et_pb_use_builder":"on","_et_pb_old_content":"<!-- wp:divi\/placeholder \/-->","_et_gb_content_width":"","footnotes":""},"class_list":["post-25","page","type-page","status-publish","hentry"],"yoast_head":"<!-- This site is optimized with the Yoast SEO plugin v27.5 - https:\/\/yoast.com\/product\/yoast-seo-wordpress\/ -->\n<title>Psicosocial - escuelapresbiteriana.com<\/title>\n<meta name=\"robots\" content=\"index, follow, max-snippet:-1, max-image-preview:large, max-video-preview:-1\" \/>\n<link rel=\"canonical\" href=\"http:\/\/escuelapresbiteriana.com\/index.php\/psicosocial\/\" \/>\n<meta property=\"og:locale\" content=\"es_ES\" \/>\n<meta property=\"og:type\" content=\"article\" \/>\n<meta property=\"og:title\" content=\"Psicosocial - escuelapresbiteriana.com\" \/>\n<meta property=\"og:description\" content=\"PsicosocialEquipo de convivencia escolarEl equipo psicosocial de la\u00a0Escuela Presbiteriana\u00a0est\u00e1 formado por un grupo de profesionales comprometidos con el bienestar integral de los estudiantes. Su misi\u00f3n es promover el desarrollo acad\u00e9mico, emocional y social de los alumnos, brindando el apoyo necesario para que puedan enfrentar los desaf\u00edos tanto dentro como fuera del aula. A trav\u00e9s de [&hellip;]\" \/>\n<meta property=\"og:url\" content=\"http:\/\/escuelapresbiteriana.com\/index.php\/psicosocial\/\" \/>\n<meta property=\"og:site_name\" content=\"escuelapresbiteriana.com\" \/>\n<meta property=\"article:modified_time\" content=\"2026-04-21T20:48:45+00:00\" \/>\n<meta name=\"twitter:card\" content=\"summary_large_image\" \/>\n<meta name=\"twitter:label1\" content=\"Tiempo de lectura\" \/>\n\t<meta name=\"twitter:data1\" content=\"4 minutos\" \/>\n<script type=\"application\/ld+json\" class=\"yoast-schema-graph\">{\"@context\":\"https:\\\/\\\/schema.org\",\"@graph\":[{\"@type\":\"WebPage\",\"@id\":\"http:\\\/\\\/escuelapresbiteriana.com\\\/index.php\\\/psicosocial\\\/\",\"url\":\"http:\\\/\\\/escuelapresbiteriana.com\\\/index.php\\\/psicosocial\\\/\",\"name\":\"Psicosocial - escuelapresbiteriana.com\",\"isPartOf\":{\"@id\":\"https:\\\/\\\/escuelapresbiteriana.com\\\/#website\"},\"datePublished\":\"2026-04-20T14:04:38+00:00\",\"dateModified\":\"2026-04-21T20:48:45+00:00\",\"breadcrumb\":{\"@id\":\"http:\\\/\\\/escuelapresbiteriana.com\\\/index.php\\\/psicosocial\\\/#breadcrumb\"},\"inLanguage\":\"es\",\"potentialAction\":[{\"@type\":\"ReadAction\",\"target\":[\"http:\\\/\\\/escuelapresbiteriana.com\\\/index.php\\\/psicosocial\\\/\"]}]},{\"@type\":\"BreadcrumbList\",\"@id\":\"http:\\\/\\\/escuelapresbiteriana.com\\\/index.php\\\/psicosocial\\\/#breadcrumb\",\"itemListElement\":[{\"@type\":\"ListItem\",\"position\":1,\"name\":\"Portada\",\"item\":\"https:\\\/\\\/escuelapresbiteriana.com\\\/\"},{\"@type\":\"ListItem\",\"position\":2,\"name\":\"Psicosocial\"}]},{\"@type\":\"WebSite\",\"@id\":\"https:\\\/\\\/escuelapresbiteriana.com\\\/#website\",\"url\":\"https:\\\/\\\/escuelapresbiteriana.com\\\/\",\"name\":\"escuelapresbiteriana.com\",\"description\":\"\",\"potentialAction\":[{\"@type\":\"SearchAction\",\"target\":{\"@type\":\"EntryPoint\",\"urlTemplate\":\"https:\\\/\\\/escuelapresbiteriana.com\\\/?s={search_term_string}\"},\"query-input\":{\"@type\":\"PropertyValueSpecification\",\"valueRequired\":true,\"valueName\":\"search_term_string\"}}],\"inLanguage\":\"es\"}]}<\/script>\n<!-- \/ Yoast SEO plugin. -->","yoast_head_json":{"title":"Psicosocial - escuelapresbiteriana.com","robots":{"index":"index","follow":"follow","max-snippet":"max-snippet:-1","max-image-preview":"max-image-preview:large","max-video-preview":"max-video-preview:-1"},"canonical":"http:\/\/escuelapresbiteriana.com\/index.php\/psicosocial\/","og_locale":"es_ES","og_type":"article","og_title":"Psicosocial - escuelapresbiteriana.com","og_description":"PsicosocialEquipo de convivencia escolarEl equipo psicosocial de la\u00a0Escuela Presbiteriana\u00a0est\u00e1 formado por un grupo de profesionales comprometidos con el bienestar integral de los estudiantes. Su misi\u00f3n es promover el desarrollo acad\u00e9mico, emocional y social de los alumnos, brindando el apoyo necesario para que puedan enfrentar los desaf\u00edos tanto dentro como fuera del aula. A trav\u00e9s de [&hellip;]","og_url":"http:\/\/escuelapresbiteriana.com\/index.php\/psicosocial\/","og_site_name":"escuelapresbiteriana.com","article_modified_time":"2026-04-21T20:48:45+00:00","twitter_card":"summary_large_image","twitter_misc":{"Tiempo de lectura":"4 minutos"},"schema":{"@context":"https:\/\/schema.org","@graph":[{"@type":"WebPage","@id":"http:\/\/escuelapresbiteriana.com\/index.php\/psicosocial\/","url":"http:\/\/escuelapresbiteriana.com\/index.php\/psicosocial\/","name":"Psicosocial - escuelapresbiteriana.com","isPartOf":{"@id":"https:\/\/escuelapresbiteriana.com\/#website"},"datePublished":"2026-04-20T14:04:38+00:00","dateModified":"2026-04-21T20:48:45+00:00","breadcrumb":{"@id":"http:\/\/escuelapresbiteriana.com\/index.php\/psicosocial\/#breadcrumb"},"inLanguage":"es","potentialAction":[{"@type":"ReadAction","target":["http:\/\/escuelapresbiteriana.com\/index.php\/psicosocial\/"]}]},{"@type":"BreadcrumbList","@id":"http:\/\/escuelapresbiteriana.com\/index.php\/psicosocial\/#breadcrumb","itemListElement":[{"@type":"ListItem","position":1,"name":"Portada","item":"https:\/\/escuelapresbiteriana.com\/"},{"@type":"ListItem","position":2,"name":"Psicosocial"}]},{"@type":"WebSite","@id":"https:\/\/escuelapresbiteriana.com\/#website","url":"https:\/\/escuelapresbiteriana.com\/","name":"escuelapresbiteriana.com","description":"","potentialAction":[{"@type":"SearchAction","target":{"@type":"EntryPoint","urlTemplate":"https:\/\/escuelapresbiteriana.com\/?s={search_term_string}"},"query-input":{"@type":"PropertyValueSpecification","valueRequired":true,"valueName":"search_term_string"}}],"inLanguage":"es"}]}},"_links":{"self":[{"href":"https:\/\/escuelapresbiteriana.com\/index.php\/wp-json\/wp\/v2\/pages\/25","targetHints":{"allow":["GET"]}}],"collection":[{"href":"https:\/\/escuelapresbiteriana.com\/index.php\/wp-json\/wp\/v2\/pages"}],"about":[{"href":"https:\/\/escuelapresbiteriana.com\/index.php\/wp-json\/wp\/v2\/types\/page"}],"author":[{"embeddable":true,"href":"https:\/\/escuelapresbiteriana.com\/index.php\/wp-json\/wp\/v2\/users\/1"}],"replies":[{"embeddable":true,"href":"https:\/\/escuelapresbiteriana.com\/index.php\/wp-json\/wp\/v2\/comments?post=25"}],"version-history":[{"count":4,"href":"https:\/\/escuelapresbiteriana.com\/index.php\/wp-json\/wp\/v2\/pages\/25\/revisions"}],"predecessor-version":[{"id":220,"href":"https:\/\/escuelapresbiteriana.com\/index.php\/wp-json\/wp\/v2\/pages\/25\/revisions\/220"}],"wp:attachment":[{"href":"https:\/\/escuelapresbiteriana.com\/index.php\/wp-json\/wp\/v2\/media?parent=25"}],"curies":[{"name":"wp","href":"https:\/\/api.w.org\/{rel}","templated":true}]}}