{"id":23,"date":"2026-04-20T14:04:20","date_gmt":"2026-04-20T14:04:20","guid":{"rendered":"http:\/\/escuelapresbiteriana.com.portalesdenegocios.com\/?page_id=23"},"modified":"2026-04-21T20:32:26","modified_gmt":"2026-04-21T20:32:26","slug":"servicios","status":"publish","type":"page","link":"https:\/\/escuelapresbiteriana.com\/index.php\/servicios\/","title":{"rendered":"Servicios"},"content":{"rendered":"<p>[et_pb_section fb_built=\u00bb1&#8243; _builder_version=\u00bb4.22.2&#8243; _module_preset=\u00bbdefault\u00bb background_image=\u00bbhttps:\/\/escuelapresbiteriana.com\/wp-content\/uploads\/2026\/04\/bg-interiores.jpg\u00bb global_colors_info=\u00bb{}\u00bb theme_builder_area=\u00bbpost_content\u00bb][et_pb_row _builder_version=\u00bb4.22.2&#8243; _module_preset=\u00bbdefault\u00bb global_colors_info=\u00bb{}\u00bb theme_builder_area=\u00bbpost_content\u00bb][et_pb_column type=\u00bb4_4&#8243; _builder_version=\u00bb4.22.2&#8243; _module_preset=\u00bbdefault\u00bb global_colors_info=\u00bb{}\u00bb theme_builder_area=\u00bbpost_content\u00bb][et_pb_text _builder_version=\u00bb4.22.2&#8243; _module_preset=\u00bbdefault\u00bb header_2_font=\u00bbLato|||on|||||\u00bb header_2_text_color=\u00bb#FFFFFF\u00bb header_2_font_size=\u00bb45px\u00bb header_2_line_height=\u00bb1.5em\u00bb hover_enabled=\u00bb0&#8243; global_colors_info=\u00bb{}\u00bb theme_builder_area=\u00bbpost_content\u00bb sticky_enabled=\u00bb0&#8243;]<\/p>\n<h2 style=\"text-align: center;\"><span>SERVICIOS<\/span><\/h2>\n<p>[\/et_pb_text][et_pb_divider color=\u00bb#ffde1a\u00bb _builder_version=\u00bb4.22.2&#8243; _module_preset=\u00bbdefault\u00bb global_colors_info=\u00bb{}\u00bb theme_builder_area=\u00bbpost_content\u00bb][\/et_pb_divider][\/et_pb_column][\/et_pb_row][\/et_pb_section][et_pb_section fb_built=\u00bb1&#8243; _builder_version=\u00bb4.22.2&#8243; _module_preset=\u00bbdefault\u00bb background_image=\u00bbhttps:\/\/escuelapresbiteriana.com\/wp-content\/uploads\/2026\/04\/bg-prueba-4.jpg\u00bb custom_padding=\u00bb34px|||||\u00bb global_colors_info=\u00bb{}\u00bb theme_builder_area=\u00bbpost_content\u00bb][et_pb_row column_structure=\u00bb1_3,1_3,1_3&#8243; _builder_version=\u00bb4.22.2&#8243; _module_preset=\u00bbdefault\u00bb custom_margin=\u00bb11px|auto||auto||\u00bb global_colors_info=\u00bb{}\u00bb theme_builder_area=\u00bbpost_content\u00bb][et_pb_column type=\u00bb1_3&#8243; _builder_version=\u00bb4.22.2&#8243; _module_preset=\u00bbdefault\u00bb global_colors_info=\u00bb{}\u00bb theme_builder_area=\u00bbpost_content\u00bb][et_pb_blurb title=\u00bb1\u00ba a 8\u00ba B\u00e1sico\u00bb use_icon=\u00bbon\u00bb font_icon=\u00bb&#xf19d;||fa||900&#8243; icon_color=\u00bb#333399&#8243; _builder_version=\u00bb4.22.2&#8243; _module_preset=\u00bbdefault\u00bb header_font=\u00bbLato|700|||||||\u00bb header_text_align=\u00bbcenter\u00bb header_text_color=\u00bb#333399&#8243; header_font_size=\u00bb20px\u00bb header_line_height=\u00bb1.3em\u00bb hover_enabled=\u00bb0&#8243; global_colors_info=\u00bb{}\u00bb theme_builder_area=\u00bbpost_content\u00bb sticky_enabled=\u00bb0&#8243; body_font=\u00bbCabin||||||||\u00bb body_text_color=\u00bb#000000&#8243; body_line_height=\u00bb1.6em\u00bb]<\/p>\n<p style=\"text-align: center;\"><span>Ofrecemos servicios para la educaci\u00f3n con clases a estudiantes desde transici\u00f3n mayor a octavo a\u00f1o b\u00e1sico.<\/span><\/p>\n<p>[\/et_pb_blurb][\/et_pb_column][et_pb_column type=\u00bb1_3&#8243; _builder_version=\u00bb4.22.2&#8243; _module_preset=\u00bbdefault\u00bb global_colors_info=\u00bb{}\u00bb theme_builder_area=\u00bbpost_content\u00bb][et_pb_blurb title=\u00bbJornadas divididas\u00bb use_icon=\u00bbon\u00bb font_icon=\u00bb&#xf017;||fa||400&#8243; icon_color=\u00bb#333399&#8243; _builder_version=\u00bb4.22.2&#8243; _module_preset=\u00bbdefault\u00bb header_font=\u00bbLato|700|||||||\u00bb header_text_align=\u00bbcenter\u00bb header_text_color=\u00bb#333399&#8243; header_font_size=\u00bb20px\u00bb global_colors_info=\u00bb{}\u00bb theme_builder_area=\u00bbpost_content\u00bb sticky_enabled=\u00bb0&#8243; header_line_height=\u00bb1.3em\u00bb body_font=\u00bbCabin||||||||\u00bb body_text_color=\u00bb#000000&#8243; body_line_height=\u00bb1.6em\u00bb hover_enabled=\u00bb0&#8243;]<\/p>\n<p style=\"text-align: center;\"><span>Contamos con dos jornadas divididas entre primer ciclo b\u00e1sico m\u00e1s transici\u00f3n mayor A y segundo ciclo b\u00e1sico m\u00e1s transici\u00f3n mayor B<\/span><\/p>\n<p>[\/et_pb_blurb][\/et_pb_column][et_pb_column type=\u00bb1_3&#8243; _builder_version=\u00bb4.22.2&#8243; _module_preset=\u00bbdefault\u00bb global_colors_info=\u00bb{}\u00bb theme_builder_area=\u00bbpost_content\u00bb][et_pb_blurb title=\u00bbEstamos contigo\u00bb _builder_version=\u00bb4.22.2&#8243; _module_preset=\u00bbdefault\u00bb header_font=\u00bbLato|700|||||||\u00bb header_text_align=\u00bbcenter\u00bb header_text_color=\u00bb#333399&#8243; header_font_size=\u00bb20px\u00bb header_line_height=\u00bb1.3em\u00bb global_colors_info=\u00bb{}\u00bb theme_builder_area=\u00bbpost_content\u00bb body_font=\u00bbCabin||||||||\u00bb body_text_color=\u00bb#000000&#8243; body_line_height=\u00bb1.6em\u00bb hover_enabled=\u00bb0&#8243; sticky_enabled=\u00bb0&#8243; title_text=\u00bbteamwork-480&#215;480&#8243; image=\u00bbhttps:\/\/escuelapresbiteriana.com\/wp-content\/uploads\/2026\/04\/teamwork-480&#215;480-1.png\u00bb image_icon_width=\u00bb96px\u00bb]<\/p>\n<p style=\"text-align: center;\"><span>Disponemos de un equipo multidisciplinario conformado por profesionales altamente capacitados en el \u00e1rea de la orientaci\u00f3n, psicolog\u00eda, psicopedagog\u00eda y asistencia social.<\/span><\/p>\n<p>[\/et_pb_blurb][\/et_pb_column][\/et_pb_row][\/et_pb_section][et_pb_section fb_built=\u00bb1&#8243; _builder_version=\u00bb4.22.2&#8243; _module_preset=\u00bbdefault\u00bb background_image=\u00bbhttps:\/\/escuelapresbiteriana.com\/wp-content\/uploads\/2026\/04\/bg-prueba-2.jpg\u00bb global_colors_info=\u00bb{}\u00bb theme_builder_area=\u00bbpost_content\u00bb][et_pb_row column_structure=\u00bb1_3,1_3,1_3&#8243; _builder_version=\u00bb4.22.2&#8243; _module_preset=\u00bbdefault\u00bb background_color=\u00bb#e2e2f0&#8243; custom_margin=\u00bb11px|auto||auto||\u00bb custom_padding=\u00bb49px|24px|49px|24px|true|true\u00bb hover_enabled=\u00bb0&#8243; border_radii=\u00bbon|14px|14px|14px|14px\u00bb global_colors_info=\u00bb{}\u00bb theme_builder_area=\u00bbpost_content\u00bb sticky_enabled=\u00bb0&#8243;][et_pb_column type=\u00bb1_3&#8243; _builder_version=\u00bb4.22.2&#8243; _module_preset=\u00bbdefault\u00bb global_colors_info=\u00bb{}\u00bb theme_builder_area=\u00bbpost_content\u00bb][et_pb_blurb title=\u00bbActividades extracurriculares\u00bb _builder_version=\u00bb4.22.2&#8243; _module_preset=\u00bbdefault\u00bb header_font=\u00bbLato|700|||||||\u00bb header_text_align=\u00bbcenter\u00bb header_text_color=\u00bb#333399&#8243; header_font_size=\u00bb20px\u00bb header_line_height=\u00bb1.3em\u00bb hover_enabled=\u00bb0&#8243; global_colors_info=\u00bb{}\u00bb theme_builder_area=\u00bbpost_content\u00bb sticky_enabled=\u00bb0&#8243; body_font=\u00bbCabin||||||||\u00bb body_text_color=\u00bb#000000&#8243; title_text=\u00bbballet-480&#215;480&#8243; image=\u00bbhttps:\/\/escuelapresbiteriana.com\/wp-content\/uploads\/2026\/04\/ballet-480&#215;480-1.png\u00bb image_icon_width=\u00bb96px\u00bb]<\/p>\n<p style=\"text-align: center;\"><span>Promovemos el desarrollo de actividades extra curriculares en ambas jornadas, en las que se destacan: Defensa personal, academias art\u00edsticas como danza moderna y ballet, deportivas mixtas y ecol\u00f3gicas<\/span><\/p>\n<p>[\/et_pb_blurb][\/et_pb_column][et_pb_column type=\u00bb1_3&#8243; _builder_version=\u00bb4.22.2&#8243; _module_preset=\u00bbdefault\u00bb global_colors_info=\u00bb{}\u00bb theme_builder_area=\u00bbpost_content\u00bb][et_pb_blurb title=\u00bbApoyo de asignaturas\u00bb _builder_version=\u00bb4.22.2&#8243; _module_preset=\u00bbdefault\u00bb header_font=\u00bbLato|700|||||||\u00bb header_text_align=\u00bbcenter\u00bb header_text_color=\u00bb#333399&#8243; header_font_size=\u00bb20px\u00bb header_line_height=\u00bb1.3em\u00bb hover_enabled=\u00bb0&#8243; global_colors_info=\u00bb{}\u00bb theme_builder_area=\u00bbpost_content\u00bb image_icon_width=\u00bb96px\u00bb body_font=\u00bbCabin||||||||\u00bb body_text_color=\u00bb#000000&#8243; title_text=\u00bbmaths-480&#215;480&#8243; image=\u00bbhttps:\/\/escuelapresbiteriana.com\/wp-content\/uploads\/2026\/04\/maths-480&#215;480-1.png\u00bb sticky_enabled=\u00bb0&#8243;]<\/p>\n<p style=\"text-align: center;\"><span>Apoyamos con reforzamientos semanales de las asignaturas de lenguaje y matem\u00e1ticas a todo aquel estudiante que no alcanza un rendimiento suficiente.<\/span><\/p>\n<p>[\/et_pb_blurb][\/et_pb_column][et_pb_column type=\u00bb1_3&#8243; _builder_version=\u00bb4.22.2&#8243; _module_preset=\u00bbdefault\u00bb global_colors_info=\u00bb{}\u00bb theme_builder_area=\u00bbpost_content\u00bb][et_pb_blurb title=\u00bbIncentivos\u00bb _builder_version=\u00bb4.22.2&#8243; _module_preset=\u00bbdefault\u00bb header_font=\u00bbLato|700|||||||\u00bb header_text_align=\u00bbcenter\u00bb header_text_color=\u00bb#333399&#8243; header_font_size=\u00bb20px\u00bb header_line_height=\u00bb1.3em\u00bb hover_enabled=\u00bb0&#8243; global_colors_info=\u00bb{}\u00bb theme_builder_area=\u00bbpost_content\u00bb image_icon_width=\u00bb96px\u00bb body_font=\u00bbCabin||||||||\u00bb body_text_color=\u00bb#000000&#8243; sticky_enabled=\u00bb0&#8243; title_text=\u00bbquestion-480&#215;480&#8243; image=\u00bbhttps:\/\/escuelapresbiteriana.com\/wp-content\/uploads\/2026\/04\/question-480&#215;480-1.png\u00bb]<\/p>\n<p style=\"text-align: center;\"><span>Nuestro Centro de Recursos para el Aprendizaje CRA entrega significativas experiencias en la lectura y promueve la imaginaci\u00f3n en cada uno de nuestros estudiantes.<\/span><\/p>\n<p>[\/et_pb_blurb][\/et_pb_column][\/et_pb_row][\/et_pb_section]<\/p>\n","protected":false},"excerpt":{"rendered":"<p>SERVICIOSOfrecemos servicios para la educaci\u00f3n con clases a estudiantes desde transici\u00f3n mayor a octavo a\u00f1o b\u00e1sico.Contamos con dos jornadas divididas entre primer ciclo b\u00e1sico m\u00e1s transici\u00f3n mayor A y segundo ciclo b\u00e1sico m\u00e1s transici\u00f3n mayor BDisponemos de un equipo multidisciplinario conformado por profesionales altamente capacitados en el \u00e1rea de la orientaci\u00f3n, psicolog\u00eda, psicopedagog\u00eda y asistencia [&hellip;]<\/p>\n","protected":false},"author":1,"featured_media":0,"parent":0,"menu_order":0,"comment_status":"closed","ping_status":"closed","template":"","meta":{"_et_pb_use_builder":"on","_et_pb_old_content":"<!-- wp:divi\/placeholder \/-->","_et_gb_content_width":"","footnotes":""},"class_list":["post-23","page","type-page","status-publish","hentry"],"yoast_head":"<!-- This site is optimized with the Yoast SEO plugin v27.5 - https:\/\/yoast.com\/product\/yoast-seo-wordpress\/ -->\n<title>Servicios - escuelapresbiteriana.com<\/title>\n<meta name=\"robots\" content=\"index, follow, max-snippet:-1, max-image-preview:large, max-video-preview:-1\" \/>\n<link rel=\"canonical\" href=\"http:\/\/escuelapresbiteriana.com\/index.php\/servicios\/\" \/>\n<meta property=\"og:locale\" content=\"es_ES\" \/>\n<meta property=\"og:type\" content=\"article\" \/>\n<meta property=\"og:title\" content=\"Servicios - escuelapresbiteriana.com\" \/>\n<meta property=\"og:description\" content=\"SERVICIOSOfrecemos servicios para la educaci\u00f3n con clases a estudiantes desde transici\u00f3n mayor a octavo a\u00f1o b\u00e1sico.Contamos con dos jornadas divididas entre primer ciclo b\u00e1sico m\u00e1s transici\u00f3n mayor A y segundo ciclo b\u00e1sico m\u00e1s transici\u00f3n mayor BDisponemos de un equipo multidisciplinario conformado por profesionales altamente capacitados en el \u00e1rea de la orientaci\u00f3n, psicolog\u00eda, psicopedagog\u00eda y asistencia [&hellip;]\" \/>\n<meta property=\"og:url\" content=\"http:\/\/escuelapresbiteriana.com\/index.php\/servicios\/\" \/>\n<meta property=\"og:site_name\" content=\"escuelapresbiteriana.com\" \/>\n<meta property=\"article:modified_time\" content=\"2026-04-21T20:32:26+00:00\" \/>\n<meta name=\"twitter:card\" content=\"summary_large_image\" \/>\n<meta name=\"twitter:label1\" content=\"Tiempo de lectura\" \/>\n\t<meta name=\"twitter:data1\" content=\"5 minutos\" \/>\n<script type=\"application\/ld+json\" class=\"yoast-schema-graph\">{\"@context\":\"https:\\\/\\\/schema.org\",\"@graph\":[{\"@type\":\"WebPage\",\"@id\":\"http:\\\/\\\/escuelapresbiteriana.com\\\/index.php\\\/servicios\\\/\",\"url\":\"http:\\\/\\\/escuelapresbiteriana.com\\\/index.php\\\/servicios\\\/\",\"name\":\"Servicios - escuelapresbiteriana.com\",\"isPartOf\":{\"@id\":\"https:\\\/\\\/escuelapresbiteriana.com\\\/#website\"},\"datePublished\":\"2026-04-20T14:04:20+00:00\",\"dateModified\":\"2026-04-21T20:32:26+00:00\",\"breadcrumb\":{\"@id\":\"http:\\\/\\\/escuelapresbiteriana.com\\\/index.php\\\/servicios\\\/#breadcrumb\"},\"inLanguage\":\"es\",\"potentialAction\":[{\"@type\":\"ReadAction\",\"target\":[\"http:\\\/\\\/escuelapresbiteriana.com\\\/index.php\\\/servicios\\\/\"]}]},{\"@type\":\"BreadcrumbList\",\"@id\":\"http:\\\/\\\/escuelapresbiteriana.com\\\/index.php\\\/servicios\\\/#breadcrumb\",\"itemListElement\":[{\"@type\":\"ListItem\",\"position\":1,\"name\":\"Portada\",\"item\":\"https:\\\/\\\/escuelapresbiteriana.com\\\/\"},{\"@type\":\"ListItem\",\"position\":2,\"name\":\"Servicios\"}]},{\"@type\":\"WebSite\",\"@id\":\"https:\\\/\\\/escuelapresbiteriana.com\\\/#website\",\"url\":\"https:\\\/\\\/escuelapresbiteriana.com\\\/\",\"name\":\"escuelapresbiteriana.com\",\"description\":\"\",\"potentialAction\":[{\"@type\":\"SearchAction\",\"target\":{\"@type\":\"EntryPoint\",\"urlTemplate\":\"https:\\\/\\\/escuelapresbiteriana.com\\\/?s={search_term_string}\"},\"query-input\":{\"@type\":\"PropertyValueSpecification\",\"valueRequired\":true,\"valueName\":\"search_term_string\"}}],\"inLanguage\":\"es\"}]}<\/script>\n<!-- \/ Yoast SEO plugin. -->","yoast_head_json":{"title":"Servicios - escuelapresbiteriana.com","robots":{"index":"index","follow":"follow","max-snippet":"max-snippet:-1","max-image-preview":"max-image-preview:large","max-video-preview":"max-video-preview:-1"},"canonical":"http:\/\/escuelapresbiteriana.com\/index.php\/servicios\/","og_locale":"es_ES","og_type":"article","og_title":"Servicios - escuelapresbiteriana.com","og_description":"SERVICIOSOfrecemos servicios para la educaci\u00f3n con clases a estudiantes desde transici\u00f3n mayor a octavo a\u00f1o b\u00e1sico.Contamos con dos jornadas divididas entre primer ciclo b\u00e1sico m\u00e1s transici\u00f3n mayor A y segundo ciclo b\u00e1sico m\u00e1s transici\u00f3n mayor BDisponemos de un equipo multidisciplinario conformado por profesionales altamente capacitados en el \u00e1rea de la orientaci\u00f3n, psicolog\u00eda, psicopedagog\u00eda y asistencia [&hellip;]","og_url":"http:\/\/escuelapresbiteriana.com\/index.php\/servicios\/","og_site_name":"escuelapresbiteriana.com","article_modified_time":"2026-04-21T20:32:26+00:00","twitter_card":"summary_large_image","twitter_misc":{"Tiempo de lectura":"5 minutos"},"schema":{"@context":"https:\/\/schema.org","@graph":[{"@type":"WebPage","@id":"http:\/\/escuelapresbiteriana.com\/index.php\/servicios\/","url":"http:\/\/escuelapresbiteriana.com\/index.php\/servicios\/","name":"Servicios - escuelapresbiteriana.com","isPartOf":{"@id":"https:\/\/escuelapresbiteriana.com\/#website"},"datePublished":"2026-04-20T14:04:20+00:00","dateModified":"2026-04-21T20:32:26+00:00","breadcrumb":{"@id":"http:\/\/escuelapresbiteriana.com\/index.php\/servicios\/#breadcrumb"},"inLanguage":"es","potentialAction":[{"@type":"ReadAction","target":["http:\/\/escuelapresbiteriana.com\/index.php\/servicios\/"]}]},{"@type":"BreadcrumbList","@id":"http:\/\/escuelapresbiteriana.com\/index.php\/servicios\/#breadcrumb","itemListElement":[{"@type":"ListItem","position":1,"name":"Portada","item":"https:\/\/escuelapresbiteriana.com\/"},{"@type":"ListItem","position":2,"name":"Servicios"}]},{"@type":"WebSite","@id":"https:\/\/escuelapresbiteriana.com\/#website","url":"https:\/\/escuelapresbiteriana.com\/","name":"escuelapresbiteriana.com","description":"","potentialAction":[{"@type":"SearchAction","target":{"@type":"EntryPoint","urlTemplate":"https:\/\/escuelapresbiteriana.com\/?s={search_term_string}"},"query-input":{"@type":"PropertyValueSpecification","valueRequired":true,"valueName":"search_term_string"}}],"inLanguage":"es"}]}},"_links":{"self":[{"href":"https:\/\/escuelapresbiteriana.com\/index.php\/wp-json\/wp\/v2\/pages\/23","targetHints":{"allow":["GET"]}}],"collection":[{"href":"https:\/\/escuelapresbiteriana.com\/index.php\/wp-json\/wp\/v2\/pages"}],"about":[{"href":"https:\/\/escuelapresbiteriana.com\/index.php\/wp-json\/wp\/v2\/types\/page"}],"author":[{"embeddable":true,"href":"https:\/\/escuelapresbiteriana.com\/index.php\/wp-json\/wp\/v2\/users\/1"}],"replies":[{"embeddable":true,"href":"https:\/\/escuelapresbiteriana.com\/index.php\/wp-json\/wp\/v2\/comments?post=23"}],"version-history":[{"count":3,"href":"https:\/\/escuelapresbiteriana.com\/index.php\/wp-json\/wp\/v2\/pages\/23\/revisions"}],"predecessor-version":[{"id":215,"href":"https:\/\/escuelapresbiteriana.com\/index.php\/wp-json\/wp\/v2\/pages\/23\/revisions\/215"}],"wp:attachment":[{"href":"https:\/\/escuelapresbiteriana.com\/index.php\/wp-json\/wp\/v2\/media?parent=23"}],"curies":[{"name":"wp","href":"https:\/\/api.w.org\/{rel}","templated":true}]}}